{"id":2257,"date":"2023-12-17T13:56:00","date_gmt":"2023-12-17T12:56:00","guid":{"rendered":"https:\/\/optimusbau.codeart.studio\/?page_id=2257"},"modified":"2025-02-25T14:29:51","modified_gmt":"2025-02-25T13:29:51","slug":"agb","status":"publish","type":"page","link":"https:\/\/zadar-dienst.hr\/de\/agb\/","title":{"rendered":"AGB"},"content":{"rendered":"\n<p>Datenschutz und Sicherheit der Benutzerdaten<\/p>\n\n\n\n<p>An bestimmten Stellen auf der Webseite und zu festgelegten Zeiten wird die Firma Zadar Dienst d.o.o. personenbezogene Daten der Benutzer sammeln. Diese Daten werden zu Kontakt- und Dokumentationszwecken sowie zur statistischen Auswertung der Webseitenbesuche verwendet. Zadar Dienst d.o.o. garantiert, dass die gesammelten Daten nicht verkauft werden.<\/p>\n\n\n\n<p>Die Bearbeitung und L\u00f6schung von Benutzerdaten sowie das Entfernen von E-Mail-Adressen aus den Mailing-Listen ist \u00fcber die entsprechenden Links zur Datenbearbeitung\/Entfernung in den Fu\u00dfzeilen aller Werbe-E-Mails von Zadar Dienst d.o.o. m\u00f6glich. Benutzer k\u00f6nnen sich f\u00fcr Informationen \u00fcber ihre Daten an die E-Mail-Adresse <a>info@zadar-dienst.hr<\/a> wenden.<\/p>\n\n\n\n<p>Durch das Absenden einer Anfrage, die Unterzeichnung eines Vertrages oder den direkten Kontakt stellt der Benutzer freiwillig seine Daten zur Verf\u00fcgung und erlaubt deren Nutzung zum Schutz seiner pers\u00f6nlichen Interessen in allen mit Zadar Dienst d.o.o. geschlossenen Gesch\u00e4ften.<\/p>\n\n\n\n<p>Die Sammlung und Verarbeitung personenbezogener Daten der Benutzer umfasst auch die Weiterleitung dieser Daten an Dritte und Unternehmen innerhalb Kroatiens und im Ausland. Als Dritte gelten alle nat\u00fcrlichen und juristischen Personen, die f\u00fcr die Realisierung der vereinbarten Dienstleistungen erforderlich sind.<\/p>\n\n\n\n<p>Die Speicherung der Daten erfolgt unbefristet.<\/p>\n\n\n\n<p><strong>Verwendung von Cookies auf der Webseite<\/strong><\/p>\n\n\n\n<p>Um den ordnungsgem\u00e4\u00dfen Betrieb der Webseite zu gew\u00e4hrleisten, speichern wir gelegentlich kleine Datendateien, die als Cookies bekannt sind, auf Ihren Ger\u00e4ten. Dies ist g\u00e4ngige Praxis auf den meisten gro\u00dfen Webseiten.<\/p>\n\n\n\n<p><strong>Was sind Cookies?<\/strong><\/p>\n\n\n\n<p>Ein Cookie ist eine kleine Textdatei, die beim Besuch einer Webseite auf Ihrem Computer oder mobilen Ger\u00e4t gespeichert wird. Mit Hilfe von Cookies merkt sich die Webseite Ihre Aktionen und bevorzugten Einstellungen (wie Anmeldung, Sprache, Schriftgr\u00f6\u00dfe und andere Anzeigeoptionen) \u00fcber einen l\u00e4ngeren Zeitraum, sodass Sie diese nicht bei jedem Besuch der Webseite oder beim Navigieren auf verschiedenen Seiten erneut eingeben m\u00fcssen.<\/p>\n\n\n\n<p>Cookies sind Daten, die von der Webseite gesendet und im Internet-Browser des Benutzers gespeichert werden, w\u00e4hrend er die Webseite besucht. Bei jeder weiteren Nutzung der Webseite sendet der Browser die Cookies zur\u00fcck an den Server, um der Webseite Informationen \u00fcber fr\u00fchere Aktivit\u00e4ten des Benutzers zu liefern.<\/p>\n\n\n\n<p>Cookies sind als zuverl\u00e4ssige Mechanismen konzipiert, um Informationen zu speichern (z. B. Produkte im Warenkorb) oder die Aktivit\u00e4ten des Benutzers zu protokollieren (wie das Klicken auf Links, Anmeldungen, besuchte Seiten usw.).<\/p>\n\n\n\n<p>Auf der Webseite <a href=\"https:\/\/www.zadar-dienst.hr\/\">https:\/\/www.zadar-dienst.hr\/<\/a> wird Google Analytics verwendet, um die Besuchsdaten zu analysieren. Dies erm\u00f6glicht Einblicke in den Besucherverkehr von Quellen wie sozialen Netzwerken, E-Mails, Werbeplattformen, Suchmaschinen und anderen Online-Diensten und Tools.<\/p>\n\n\n\n<p>Wenn der Benutzer die Verwendung von Cookies auf der Webseite <a href=\"https:\/\/www.zadar-dienst.hr\/\">https:\/\/www.zadar-dienst.hr\/<\/a> nicht akzeptieren m\u00f6chte, kann er diese \u00fcber die Schaltfl\u00e4che in der Werkzeugleiste am unteren Rand der Seite blockieren.<\/p>\n\n\n\n<p>Die Blockierung von Cookies im Internetbrowser ist m\u00f6glich, mit Anleitungen auf folgendem Link: <a href=\"http:\/\/www.thewindowsclub.com\/disable-enable-cookies-internet-explorer\">http:\/\/www.thewindowsclub.com\/disable-enable-cookies-internet-explorer<\/a>.<\/p>\n\n\n\n<p>Falls der Benutzer die Einstellungen f\u00fcr Cookies nach der Akzeptanz oder Blockierung \u00e4ndern m\u00f6chte (um diese erneut zu akzeptieren oder zu blockieren), kann er dies tun, indem er zun\u00e4chst die Cookies in seinem Internetbrowser l\u00f6scht (mehr dazu unter <a href=\"https:\/\/www.lifewire.com\/how-to-delete-cookies-2617981\">https:\/\/www.lifewire.com\/how-to-delete-cookies-2617981<\/a>). Beim n\u00e4chsten Besuch der Webseite <a href=\"https:\/\/www.zadar-dienst.hr\/\">https:\/\/www.zadar-dienst.hr\/<\/a> wird die Werkzeugleiste mit Informationen und Cookies erneut angezeigt.<\/p>\n\n\n\n<p><strong>Wie werden Cookies kontrolliert?<\/strong><\/p>\n\n\n\n<p>Sie k\u00f6nnen Cookies nach Belieben kontrollieren und\/oder l\u00f6schen. Weitere Informationen finden Sie auf: aboutcookies.org. Sie k\u00f6nnen alle bereits gespeicherten Cookies auf Ihrem Computer l\u00f6schen, und die meisten Browser-Einstellungen erm\u00f6glichen es, die Speicherung von Cookies zu blockieren. Wenn Sie Cookies blockieren, m\u00fcssen Sie m\u00f6glicherweise bei jedem Besuch der Webseite einige gew\u00fcnschte Einstellungen manuell anpassen, und bestimmte Dienste und Funktionen sind m\u00f6glicherweise nicht verf\u00fcgbar.<\/p>\n\n\n\n<p><strong>ALLE RECHTE VORBEHALTEN<\/strong><\/p>\n\n\n\n<p>Diese Bedingungen gelten ab dem 01.01.2020.<\/p>\n","protected":false},"excerpt":{"rendered":"<p>Datenschutz und Sicherheit der Benutzerdaten An bestimmten Stellen auf der Webseite und zu festgelegten Zeiten wird die Firma Zadar Dienst d.o.o. personenbezogene Daten der Benutzer sammeln. Diese Daten werden zu Kontakt- und Dokumentationszwecken sowie zur statistischen Auswertung der Webseitenbesuche verwendet. Zadar Dienst d.o.o. garantiert, dass die gesammelten Daten nicht verkauft werden. Die Bearbeitung und L\u00f6schung&hellip;<\/p>\n","protected":false},"author":1,"featured_media":0,"parent":0,"menu_order":0,"comment_status":"closed","ping_status":"closed","template":"","meta":{"_acf_changed":false,"slim_seo":{"title":"AGB - Zadar Dienst - DE","description":"Datenschutz und Sicherheit der Benutzerdaten An bestimmten Stellen auf der Webseite und zu festgelegten Zeiten wird die Firma Zadar Dienst d.o.o. personenbezoge"},"footnotes":""},"class_list":["post-2257","page","type-page","status-publish","hentry"],"acf":[],"_links":{"self":[{"href":"https:\/\/zadar-dienst.hr\/de\/wp-json\/wp\/v2\/pages\/2257","targetHints":{"allow":["GET"]}}],"collection":[{"href":"https:\/\/zadar-dienst.hr\/de\/wp-json\/wp\/v2\/pages"}],"about":[{"href":"https:\/\/zadar-dienst.hr\/de\/wp-json\/wp\/v2\/types\/page"}],"author":[{"embeddable":true,"href":"https:\/\/zadar-dienst.hr\/de\/wp-json\/wp\/v2\/users\/1"}],"replies":[{"embeddable":true,"href":"https:\/\/zadar-dienst.hr\/de\/wp-json\/wp\/v2\/comments?post=2257"}],"version-history":[{"count":4,"href":"https:\/\/zadar-dienst.hr\/de\/wp-json\/wp\/v2\/pages\/2257\/revisions"}],"predecessor-version":[{"id":17684,"href":"https:\/\/zadar-dienst.hr\/de\/wp-json\/wp\/v2\/pages\/2257\/revisions\/17684"}],"wp:attachment":[{"href":"https:\/\/zadar-dienst.hr\/de\/wp-json\/wp\/v2\/media?parent=2257"}],"curies":[{"name":"wp","href":"https:\/\/api.w.org\/{rel}","templated":true}]}}