{"id":2230,"date":"2023-12-17T13:06:59","date_gmt":"2023-12-17T12:06:59","guid":{"rendered":"https:\/\/optimusbau.codeart.studio\/?page_id=2230"},"modified":"2025-03-21T12:07:25","modified_gmt":"2025-03-21T11:07:25","slug":"arbeitsschutz","status":"publish","type":"page","link":"https:\/\/zadar-dienst.hr\/de\/dienstleistungen\/arbeitsschutz\/","title":{"rendered":"Arbeitsschutz"},"content":{"rendered":"\n<p><strong>Arbeitsschutz<\/strong> umfasst eine Reihe von Ma\u00dfnahmen, die darauf abzielen, die Arbeiter vor Arbeitsunf\u00e4llen, Berufskrankheiten und anderen arbeitsbedingten Gesundheitsproblemen am Arbeitsplatz zu sch\u00fctzen.<\/p>\n\n\n\n<p>Wenn Sie diesen Text lesen, ist es sehr wahrscheinlich, dass die Arbeitsschutzinspektion bereits bei Ihnen war, dass Sie ein neues Unternehmen gegr\u00fcndet haben oder gr\u00fcnden, einen schweren Arbeitsunfall im Unternehmen hatten oder einfach den Arbeitsschutz besser organisieren m\u00f6chten, um ruhig schlafen zu k\u00f6nnen und hohe Strafen, die das Arbeitsschutzgesetz vorsieht, zu vermeiden.<\/p>\n\n\n\n<p>Dann sind Sie bei uns richtig. <\/p>\n\n\n<div class=\"wp-block-image\">\n<figure class=\"aligncenter size-large\"><img loading=\"lazy\" decoding=\"async\" width=\"1024\" height=\"683\" src=\"https:\/\/zadar-dienst.hr\/de\/wp-content\/uploads\/sites\/2\/2024\/04\/zastita-na-radu-1024x683.jpg\" alt=\"\" class=\"wp-image-6673\" srcset=\"https:\/\/zadar-dienst.hr\/de\/wp-content\/uploads\/sites\/2\/2024\/04\/zastita-na-radu-1024x683.jpg 1024w, https:\/\/zadar-dienst.hr\/de\/wp-content\/uploads\/sites\/2\/2024\/04\/zastita-na-radu-500x333.jpg 500w, https:\/\/zadar-dienst.hr\/de\/wp-content\/uploads\/sites\/2\/2024\/04\/zastita-na-radu-768x512.jpg 768w, https:\/\/zadar-dienst.hr\/de\/wp-content\/uploads\/sites\/2\/2024\/04\/zastita-na-radu.jpg 1500w\" sizes=\"auto, (max-width: 1024px) 100vw, 1024px\" \/><\/figure>\n<\/div>\n\n\n<p><strong>Arbeitsschutzgesetz <\/strong><\/p>\n\n\n\n<p>Das Arbeitsschutzgesetz definiert alle Verpflichtungen, die der Arbeitgeber erf\u00fcllen muss, um sichere Arbeitsbedingungen zu gew\u00e4hrleisten. Es stellt ein System von Ma\u00dfnahmen dar, die durch gesetzliche Vorschriften (Gesetze, Verordnungen, Empfehlungen, Richtlinien) umgesetzt werden, wobei die notwendigen Sicherheitsanforderungen detailliert festgelegt werden. Bei Nichteinhaltung der gesetzlichen Verpflichtungen sind Geldstrafen f\u00fcr Arbeitgeber und befugte Personen von mehreren Tausend Euro vorgesehen.<\/p>\n\n\n\n<p>Die Vernachl\u00e4ssigung des Arbeitsschutzes kann auch negative Auswirkungen auf den Betrieb, die Wettbewerbsf\u00e4higkeit und sogar das Bestehen eines Unternehmens oder Handwerksbetriebs haben. Die Kosten, die durch Arbeitsunf\u00e4lle und m\u00f6gliche Strafen entstehen, sind oft h\u00f6her als die Investitionen, die zur Pr\u00e4vention und Sicherheit der Arbeiter erforderlich w\u00e4ren. T\u00e4uschen Sie sich nicht, nur weil Sie administrative Arbeiten aus einem bequemen B\u00fcro ausf\u00fchren \u2013 auch in Ihrem Fall gilt das Arbeitsschutzgesetz f\u00fcr alle Arbeitnehmer gleicherma\u00dfen.<\/p>\n\n\n\n<p>Arbeitsschutz umfasst weit mehr als nur Schutzhelme und -handschuhe. Er sch\u00fctzt vor zahlreichen Gefahren und Risiken am Arbeitsplatz, wie zum Beispiel:<\/p>\n\n\n\n<ul class=\"wp-block-list\">\n<li><strong>Mechanische Gefahren<\/strong> \u2013 k\u00f6nnen leichte Verletzungen wie Prellungen, oberfl\u00e4chliche Wunden oder Stiche verursachen, aber auch schwere Verletzungen wie Schnittwunden, offene Wunden, Knochenbr\u00fcche und sogar t\u00f6dliche Unf\u00e4lle.<\/li>\n\n\n\n<li><strong>Gefahren durch elektrischen Strom<\/strong> \u2013 k\u00f6nnen schwere Verletzungen und in bestimmten F\u00e4llen den Tod eines Arbeitnehmers verursachen.<\/li>\n\n\n\n<li><strong>Brand- und Explosionsgefahren<\/strong> \u2013 k\u00f6nnen schwere Verletzungen, Erstickung und Tod sowie erhebliche materielle Sch\u00e4den verursachen.<\/li>\n\n\n\n<li><strong>Thermische Gefahren<\/strong> \u2013 hei\u00dfe oder kalte Materialien und Objekte k\u00f6nnen Verbrennungen oder Erfrierungen hervorrufen.<\/li>\n\n\n\n<li><strong>Mikroklima<\/strong> \u2013 kleine Abweichungen von den vorgeschriebenen mikroklimatischen Bedingungen wie Lufttemperatur, Luftfeuchtigkeit und Luftgeschwindigkeit k\u00f6nnen Unbehagen bei den Arbeitern verursachen und zu chronischen Erkrankungen des Kreislaufsystems, Hitzschl\u00e4gen und anderen gesundheitlichen Problemen f\u00fchren. Bei langfristiger Exposition kann dies zu Berufskrankheiten f\u00fchren.<\/li>\n\n\n\n<li><strong>L\u00e4rm und Vibrationen<\/strong> \u2013 L\u00e4rm kann Konzentrationsst\u00f6rungen, M\u00fcdigkeit, Reizbarkeit und sogar dauerhafte H\u00f6rsch\u00e4den verursachen, w\u00e4hrend Vibrationen das gesamte K\u00f6rpersystem oder nur H\u00e4nde und Arme sch\u00e4digen k\u00f6nnen. Langfristige Exposition f\u00fchrt zu Sch\u00e4den an Blutgef\u00e4\u00dfen, Muskeln, Sehnen, Knochen und Gelenken sowie zu Nervensch\u00e4den, was ebenfalls zu Berufskrankheiten f\u00fchren kann.<\/li>\n\n\n\n<li><strong>Chemische Stoffe<\/strong> \u2013 Staub, D\u00e4mpfe, Gase, D\u00e4mpfe, Nebel, Fasern und andere Substanzen k\u00f6nnen bei kurzer Exposition schwerwiegende gesundheitliche Folgen f\u00fcr die Arbeitnehmer haben.<\/li>\n\n\n\n<li><strong>Biologische Stoffe<\/strong> \u2013 Viren, Bakterien, Parasiten, Pilze, Insekten, organische Stoffe und andere k\u00f6nnen verschiedene Krankheiten hervorrufen, insbesondere Berufskrankheiten.<\/li>\n\n\n\n<li><strong>Sch\u00e4dliche Strahlung<\/strong> \u2013 ionisierende und nicht-ionisierende Strahlung kann Krankheiten wie Krebs, Leuk\u00e4mie, Katarakte, Hautsch\u00e4den und andere verursachen, die als Berufskrankheiten anerkannt sind.<\/li>\n\n\n\n<li><strong>Unzureichende Beleuchtung<\/strong> \u2013 verursacht subjektive Beschwerden, erh\u00f6ht die Augenbelastung, f\u00fchrt zu Augenerm\u00fcdung und Kopfschmerzen.<\/li>\n\n\n\n<li><strong>K\u00f6rperliche Belastungen<\/strong> \u2013 ung\u00fcnstige K\u00f6rperhaltungen beim Sitzen, Stehen, Hocken, Knien oder beim Heben, Tragen, Dr\u00fccken, Schieben, Ziehen, Drehen, Anheben von Lasten, beim Gehen, Laufen, Klettern und Absteigen k\u00f6nnen gesundheitliche Sch\u00e4den und Erkrankungen verursachen, die teilweise als Berufskrankheiten anerkannt werden.<\/li>\n\n\n\n<li><strong>Psychophysiologische Belastungen<\/strong> \u2013 insbesondere bei Arbeiten, die eine hohe Wahrnehmung, Anwendung verschiedener Signale, Schichtarbeit, Nachtschichten oder die Leitung von Aufgaben erfordern. Wenn die Belastungen besonders hoch sind, k\u00f6nnen verschiedene psychosomatische Krankheiten entstehen.<\/li>\n<\/ul>\n\n\n\n<p><strong>Wie man sich am Arbeitsplatz sch\u00fctzt<\/strong><\/p>\n\n\n\n<p>Zadar Dienst d.o.o. ist ein zertifiziertes Unternehmen f\u00fcr Arbeitsschutzdienstleistungen. Die von uns angebotenen Dienstleistungen erm\u00f6glichen es Ihnen, alle Arbeitsschutzpflichten kosteng\u00fcnstig, schnell und einfach zu erf\u00fcllen \u2013 und das zu den besten Konditionen. Wir verf\u00fcgen \u00fcber die entsprechenden Genehmigungen und Berechtigungen f\u00fcr alle Arbeitsschutzdienstleistungen. Wir garantieren Ihnen eine fachkundige, qualitativ hochwertige und vollst\u00e4ndig transparente Ausf\u00fchrung der Arbeitsschutzma\u00dfnahmen, ohne versteckte Kosten.<\/p>\n\n\n\n<p>Wenn Sie Fragen haben, k\u00f6nnen Sie uns gerne kontaktieren. Bereits bei der ersten Kontaktaufnahme stellen wir Ihnen die grundlegenden Informationen zur Verf\u00fcgung..<\/p>\n\n\n\n<p>E-Mail: <a href=\"blank\">zastita@zadar-dienst.hr<\/a><\/p>\n\n\n\n<p>Tel. Pero +385 98 136 11 88<\/p>\n\n\n\n<p>\u00a0\u00a0\u00a0\u00a0\u00a0\u00a0\u00a0Ivan: +385 91 618 96 36<\/p>\n\n\n\n<div class=\"wp-block-group\"><div class=\"wp-block-group__inner-container is-layout-constrained wp-block-group-is-layout-constrained\">\n<div class=\"wp-block-group has-background\" style=\"background-color:#f0f2f3\"><div class=\"wp-block-group__inner-container is-layout-constrained wp-block-group-is-layout-constrained\">\n<p><strong>F\u00fcr alle Anfragen stehen wir Ihnen auch \u00fcber das Webformular zur Verf\u00fcgung:<\/strong><\/p>\n\n\n\n<script type=\"text\/javascript\">var gform;gform||(document.addEventListener(\"gform_main_scripts_loaded\",function(){gform.scriptsLoaded=!0}),document.addEventListener(\"gform\/theme\/scripts_loaded\",function(){gform.themeScriptsLoaded=!0}),window.addEventListener(\"DOMContentLoaded\",function(){gform.domLoaded=!0}),gform={domLoaded:!1,scriptsLoaded:!1,themeScriptsLoaded:!1,isFormEditor:()=>\"function\"==typeof InitializeEditor,callIfLoaded:function(o){return!(!gform.domLoaded||!gform.scriptsLoaded||!gform.themeScriptsLoaded&&!gform.isFormEditor()||(gform.isFormEditor()&&console.warn(\"The use of gform.initializeOnLoaded() is deprecated in the form editor context and will be removed in Gravity Forms 3.1.\"),o(),0))},initializeOnLoaded:function(o){gform.callIfLoaded(o)||(document.addEventListener(\"gform_main_scripts_loaded\",()=>{gform.scriptsLoaded=!0,gform.callIfLoaded(o)}),document.addEventListener(\"gform\/theme\/scripts_loaded\",()=>{gform.themeScriptsLoaded=!0,gform.callIfLoaded(o)}),window.addEventListener(\"DOMContentLoaded\",()=>{gform.domLoaded=!0,gform.callIfLoaded(o)}))},hooks:{action:{},filter:{}},addAction:function(o,r,e,t){gform.addHook(\"action\",o,r,e,t)},addFilter:function(o,r,e,t){gform.addHook(\"filter\",o,r,e,t)},doAction:function(o){gform.doHook(\"action\",o,arguments)},applyFilters:function(o){return gform.doHook(\"filter\",o,arguments)},removeAction:function(o,r){gform.removeHook(\"action\",o,r)},removeFilter:function(o,r,e){gform.removeHook(\"filter\",o,r,e)},addHook:function(o,r,e,t,n){null==gform.hooks[o][r]&&(gform.hooks[o][r]=[]);var d=gform.hooks[o][r];null==n&&(n=r+\"_\"+d.length),gform.hooks[o][r].push({tag:n,callable:e,priority:t=null==t?10:t})},doHook:function(r,o,e){var t;if(e=Array.prototype.slice.call(e,1),null!=gform.hooks[r][o]&&((o=gform.hooks[r][o]).sort(function(o,r){return o.priority-r.priority}),o.forEach(function(o){\"function\"!=typeof(t=o.callable)&&(t=window[t]),\"action\"==r?t.apply(null,e):e[0]=t.apply(null,e)})),\"filter\"==r)return e[0]},removeHook:function(o,r,t,n){var e;null!=gform.hooks[o][r]&&(e=(e=gform.hooks[o][r]).filter(function(o,r,e){return!!(null!=n&&n!=o.tag||null!=t&&t!=o.priority)}),gform.hooks[o][r]=e)}});<\/script>\n                <div class='gf_browser_gecko gform_wrapper gform_legacy_markup_wrapper gform-theme--no-framework' data-form-theme='legacy' data-form-index='0' id='gform_wrapper_1' >\n                        <div class='gform_heading'>\n                            <p class='gform_description'><\/p>\n                        <\/div><form method='post' enctype='multipart\/form-data'  id='gform_1'  action='\/de\/wp-json\/wp\/v2\/pages\/2230' data-formid='1' novalidate>\n                        <div class='gform-body gform_body'><ul id='gform_fields_1' class='gform_fields top_label form_sublabel_below description_below validation_below'><li id=\"field_1_1\" class=\"gfield gfield--type-text gfield_contains_required field_sublabel_below gfield--no-description field_description_below field_validation_below gfield_visibility_visible\"  data-js-reload=\"field_1_1\" ><label class='gfield_label gform-field-label' for='input_1_1'>Predmet upita<span class=\"gfield_required\"><span class=\"gfield_required gfield_required_asterisk\">*<\/span><\/span><\/label><div class='ginput_container ginput_container_text'><input name='input_1' id='input_1_1' type='text' value=' - ' class='medium'     aria-required=\"true\" aria-invalid=\"false\"   \/><\/div><\/li><li id=\"field_1_7\" class=\"gfield gfield--type-text gfield--width-full gfield_contains_required field_sublabel_below gfield--no-description field_description_below field_validation_below gfield_visibility_visible\"  data-js-reload=\"field_1_7\" ><label class='gfield_label gform-field-label' for='input_1_7'>Va\u0161e ime<span class=\"gfield_required\"><span class=\"gfield_required gfield_required_asterisk\">*<\/span><\/span><\/label><div class='ginput_container ginput_container_text'><input name='input_7' id='input_1_7' type='text' value='' class='medium'     aria-required=\"true\" aria-invalid=\"false\"   \/><\/div><\/li><li id=\"field_1_8\" class=\"gfield gfield--type-text gfield--width-full gfield_contains_required field_sublabel_below gfield--no-description field_description_below field_validation_below gfield_visibility_visible\"  data-js-reload=\"field_1_8\" ><label class='gfield_label gform-field-label' for='input_1_8'>Telefon<span class=\"gfield_required\"><span class=\"gfield_required gfield_required_asterisk\">*<\/span><\/span><\/label><div class='ginput_container ginput_container_text'><input name='input_8' id='input_1_8' type='text' value='' class='medium'     aria-required=\"true\" aria-invalid=\"false\"   \/><\/div><\/li><li id=\"field_1_2\" class=\"gfield gfield--type-email gfield_contains_required field_sublabel_below gfield--no-description field_description_below field_validation_below gfield_visibility_visible\"  data-js-reload=\"field_1_2\" ><label class='gfield_label gform-field-label' for='input_1_2'>Va\u0161 e-mail<span class=\"gfield_required\"><span class=\"gfield_required gfield_required_asterisk\">*<\/span><\/span><\/label><div class='ginput_container ginput_container_email'>\n                            <input name='input_2' id='input_1_2' type='email' value='' class='medium'    aria-required=\"true\" aria-invalid=\"false\"  \/>\n                        <\/div><\/li><li id=\"field_1_4\" class=\"gfield gfield--type-textarea field_sublabel_below gfield--no-description field_description_below field_validation_below gfield_visibility_visible\"  data-js-reload=\"field_1_4\" ><label class='gfield_label gform-field-label' for='input_1_4'>Va\u0161a poruka<\/label><div class='ginput_container ginput_container_textarea'><textarea name='input_4' id='input_1_4' class='textarea medium'      aria-invalid=\"false\"   rows='10' cols='50'><\/textarea><\/div><\/li><li id=\"field_1_6\" class=\"gfield gfield--type-consent gfield--type-choice gfield_contains_required field_sublabel_below gfield--no-description field_description_below field_validation_below gfield_visibility_visible\"  data-js-reload=\"field_1_6\" ><label class='gfield_label gform-field-label screen-reader-text gfield_label_before_complex' ><span class=\"gfield_required\"><span class=\"gfield_required gfield_required_asterisk\">*<\/span><\/span><\/label><div class='ginput_container ginput_container_consent'><input name='input_6.1' id='input_1_6_1' type='checkbox' value='1'   aria-required=\"true\" aria-invalid=\"false\"   \/> <label class=\"gform-field-label gform-field-label--type-inline gfield_consent_label\" for='input_1_6_1' >Sla\u017eem se s <a href=\"https:\/\/zadar-dienst.hr\/uvjeti-korisenja\/\" target=\"blank\">Uvjetima kori\u0161tenja*<\/a>.<\/label><input type='hidden' name='input_6.2' value='Sla\u017eem se s &lt;a href=&quot;https:\/\/zadar-dienst.hr\/uvjeti-korisenja\/&quot; target=&quot;blank&quot;&gt;Uvjetima kori\u0161tenja*&lt;\/a&gt;.' class='gform_hidden' \/><input type='hidden' name='input_6.3' value='1' class='gform_hidden' \/><\/div><\/li><li id=\"field_1_9\" class=\"gfield gfield--type-honeypot gform_validation_container field_sublabel_below gfield--has-description field_description_below field_validation_below gfield_visibility_visible\"  data-js-reload=\"field_1_9\" ><label class='gfield_label gform-field-label' for='input_1_9'>Email<\/label><div class='ginput_container'><input name='input_9' id='input_1_9' type='text' value='' autocomplete='new-password'\/><\/div><div class='gfield_description' id='gfield_description_1_9'>This field is for validation purposes and should be left unchanged.<\/div><\/li><\/ul><\/div>\n        <div class='gform-footer gform_footer top_label'> <input type='submit' id='gform_submit_button_1' class='gform_button button' onclick='gform.submission.handleButtonClick(this);' value='Po\u0161aljite upit'  \/> \n            <input type='hidden' class='gform_hidden' name='gform_submission_method' data-js='gform_submission_method_1' value='postback' \/>\n            <input type='hidden' class='gform_hidden' name='gform_theme' data-js='gform_theme_1' id='gform_theme_1' value='legacy' \/>\n            <input type='hidden' class='gform_hidden' name='gform_style_settings' data-js='gform_style_settings_1' id='gform_style_settings_1' value='[]' \/>\n            <input type='hidden' class='gform_hidden' name='is_submit_1' value='1' \/>\n            <input type='hidden' class='gform_hidden' name='gform_submit' value='1' \/>\n            \n            <input type='hidden' class='gform_hidden' name='gform_unique_id' value='' \/>\n            <input type='hidden' class='gform_hidden' name='state_1' value='WyJ7XCI2LjFcIjpcIjVlM2VmN2FkYTAyYjg0ZDFhYTg4YTIyZTIyOTY1YWJmXCIsXCI2LjJcIjpcIjg3MWVlMmQ0ZDE4ZDU5OTE0ODNmYjk5YTBjYTE3NmEzXCIsXCI2LjNcIjpcIjVlM2VmN2FkYTAyYjg0ZDFhYTg4YTIyZTIyOTY1YWJmXCJ9IiwiNWRjNTc5NjY3MWM0NzcxZWY4MGQxYzZlZmY2YzAyOTYiXQ==' \/>\n            <input type='hidden' autocomplete='off' class='gform_hidden' name='gform_target_page_number_1' id='gform_target_page_number_1' value='0' \/>\n            <input type='hidden' autocomplete='off' class='gform_hidden' name='gform_source_page_number_1' id='gform_source_page_number_1' value='1' \/>\n            <input type='hidden' name='gform_field_values' value='' \/>\n            \n        <\/div>\n                        <\/form>\n                        <\/div><script type=\"text\/javascript\">\n\/* <![CDATA[ *\/\n gform.initializeOnLoaded( function() {gformInitSpinner( 1, 'https:\/\/zadar-dienst.hr\/de\/wp-content\/plugins\/gravityforms\/images\/spinner.svg', true );jQuery('#gform_ajax_frame_1').on('load',function(){var contents = jQuery(this).contents().find('*').html();var is_postback = contents.indexOf('GF_AJAX_POSTBACK') >= 0;if(!is_postback){return;}var form_content = jQuery(this).contents().find('#gform_wrapper_1');var is_confirmation = jQuery(this).contents().find('#gform_confirmation_wrapper_1').length > 0;var is_redirect = contents.indexOf('gformRedirect(){') >= 0;var is_form = form_content.length > 0 && ! is_redirect && ! is_confirmation;var mt = parseInt(jQuery('html').css('margin-top'), 10) + parseInt(jQuery('body').css('margin-top'), 10) + 100;if(is_form){jQuery('#gform_wrapper_1').html(form_content.html());if(form_content.hasClass('gform_validation_error')){jQuery('#gform_wrapper_1').addClass('gform_validation_error');} else {jQuery('#gform_wrapper_1').removeClass('gform_validation_error');}setTimeout( function() { \/* delay the scroll by 50 milliseconds to fix a bug in chrome *\/  }, 50 );if(window['gformInitDatepicker']) {gformInitDatepicker();}if(window['gformInitPriceFields']) {gformInitPriceFields();}var current_page = jQuery('#gform_source_page_number_1').val();gformInitSpinner( 1, 'https:\/\/zadar-dienst.hr\/de\/wp-content\/plugins\/gravityforms\/images\/spinner.svg', true );jQuery(document).trigger('gform_page_loaded', [1, current_page]);window['gf_submitting_1'] = false;}else if(!is_redirect){var confirmation_content = jQuery(this).contents().find('.GF_AJAX_POSTBACK').html();if(!confirmation_content){confirmation_content = contents;}jQuery('#gform_wrapper_1').replaceWith(confirmation_content);jQuery(document).trigger('gform_confirmation_loaded', [1]);window['gf_submitting_1'] = false;wp.a11y.speak(jQuery('#gform_confirmation_message_1').text());}else{jQuery('#gform_1').append(contents);if(window['gformRedirect']) {gformRedirect();}}jQuery(document).trigger(\"gform_pre_post_render\", [{ formId: \"1\", currentPage: \"current_page\", abort: function() { this.preventDefault(); } }]);                if (event && event.defaultPrevented) {                return;         }        const gformWrapperDiv = document.getElementById( \"gform_wrapper_1\" );        if ( gformWrapperDiv ) {            const visibilitySpan = document.createElement( \"span\" );            visibilitySpan.id = \"gform_visibility_test_1\";            gformWrapperDiv.insertAdjacentElement( \"afterend\", visibilitySpan );        }        const visibilityTestDiv = document.getElementById( \"gform_visibility_test_1\" );        let postRenderFired = false;                function triggerPostRender() {            if ( postRenderFired ) {                return;            }            postRenderFired = true;            gform.core.triggerPostRenderEvents( 1, current_page );            if ( visibilityTestDiv ) {                visibilityTestDiv.parentNode.removeChild( visibilityTestDiv );            }        }        function debounce( func, wait, immediate ) {            var timeout;            return function() {                var context = this, args = arguments;                var later = function() {                    timeout = null;                    if ( !immediate ) func.apply( context, args );                };                var callNow = immediate && !timeout;                clearTimeout( timeout );                timeout = setTimeout( later, wait );                if ( callNow ) func.apply( context, args );            };        }        const debouncedTriggerPostRender = debounce( function() {            triggerPostRender();        }, 200 );        if ( visibilityTestDiv && visibilityTestDiv.offsetParent === null ) {            const observer = new MutationObserver( ( mutations ) => {                mutations.forEach( ( mutation ) => {                    if ( mutation.type === 'attributes' && visibilityTestDiv.offsetParent !== null ) {                        debouncedTriggerPostRender();                        observer.disconnect();                    }                });            });            observer.observe( document.body, {                attributes: true,                childList: false,                subtree: true,                attributeFilter: [ 'style', 'class' ],            });        } else {            triggerPostRender();        }    } );} ); \n\/* ]]> *\/\n<\/script>\n\n<\/div><\/div>\n<\/div><\/div>\n","protected":false},"excerpt":{"rendered":"<p>Arbeitsschutz umfasst eine Reihe von Ma\u00dfnahmen, die darauf abzielen, die Arbeiter vor Arbeitsunf\u00e4llen, Berufskrankheiten und anderen arbeitsbedingten Gesundheitsproblemen am Arbeitsplatz zu sch\u00fctzen. Wenn Sie diesen Text lesen, ist es sehr wahrscheinlich, dass die Arbeitsschutzinspektion bereits bei Ihnen war, dass Sie ein neues Unternehmen gegr\u00fcndet haben oder gr\u00fcnden, einen schweren Arbeitsunfall im Unternehmen hatten oder einfach&hellip;<\/p>\n","protected":false},"author":1,"featured_media":6671,"parent":1262,"menu_order":1,"comment_status":"closed","ping_status":"closed","template":"","meta":{"_acf_changed":false,"slim_seo":{"title":"Arbeitsschutz - Zadar Dienst - DE","description":"Arbeitsschutz umfasst eine Reihe von Ma\u00dfnahmen, die darauf abzielen, die Arbeiter vor Arbeitsunf\u00e4llen, Berufskrankheiten und anderen arbeitsbedingten Gesundheit"},"footnotes":""},"class_list":["post-2230","page","type-page","status-publish","has-post-thumbnail","hentry"],"acf":[],"_links":{"self":[{"href":"https:\/\/zadar-dienst.hr\/de\/wp-json\/wp\/v2\/pages\/2230","targetHints":{"allow":["GET"]}}],"collection":[{"href":"https:\/\/zadar-dienst.hr\/de\/wp-json\/wp\/v2\/pages"}],"about":[{"href":"https:\/\/zadar-dienst.hr\/de\/wp-json\/wp\/v2\/types\/page"}],"author":[{"embeddable":true,"href":"https:\/\/zadar-dienst.hr\/de\/wp-json\/wp\/v2\/users\/1"}],"replies":[{"embeddable":true,"href":"https:\/\/zadar-dienst.hr\/de\/wp-json\/wp\/v2\/comments?post=2230"}],"version-history":[{"count":8,"href":"https:\/\/zadar-dienst.hr\/de\/wp-json\/wp\/v2\/pages\/2230\/revisions"}],"predecessor-version":[{"id":17680,"href":"https:\/\/zadar-dienst.hr\/de\/wp-json\/wp\/v2\/pages\/2230\/revisions\/17680"}],"up":[{"embeddable":true,"href":"https:\/\/zadar-dienst.hr\/de\/wp-json\/wp\/v2\/pages\/1262"}],"wp:featuredmedia":[{"embeddable":true,"href":"https:\/\/zadar-dienst.hr\/de\/wp-json\/wp\/v2\/media\/6671"}],"wp:attachment":[{"href":"https:\/\/zadar-dienst.hr\/de\/wp-json\/wp\/v2\/media?parent=2230"}],"curies":[{"name":"wp","href":"https:\/\/api.w.org\/{rel}","templated":true}]}}