{"id":2204,"date":"2023-12-17T12:41:27","date_gmt":"2023-12-17T11:41:27","guid":{"rendered":"https:\/\/optimusbau.codeart.studio\/?page_id=2204"},"modified":"2025-03-21T12:08:12","modified_gmt":"2025-03-21T11:08:12","slug":"bauleistungen","status":"publish","type":"page","link":"https:\/\/zadar-dienst.hr\/de\/dienstleistungen\/bauleistungen\/","title":{"rendered":"Bauleistungen und Projektmanagement"},"content":{"rendered":"\n<p>Inmitten von B\u00fcrokratie und administrativen Anforderungen kann der Weg zum Ziel oft verwirrend und langwierig erscheinen.<\/p>\n\n\n\n<p>Verluste an Zeit, Geduld und Nerven geh\u00f6ren in solchen F\u00e4llen leider oft zur Tagesordnung. Wenn Sie sich selbst mit der Beschaffung aller notwendigen Dokumente f\u00fcr Bauvorhaben, Legalisierung, Grundbucheintragungen und anderen Formalit\u00e4ten auseinandersetzen, sto\u00dfen Sie m\u00f6glicherweise auf zahlreiche b\u00fcrokratische Hindernisse, die oft schwer zu \u00fcberwinden sind. In solchen Situationen stellt sich h\u00e4ufig die Frage, wie der schnellste und effizienteste Weg zum Ziel gefunden werden kann.<\/p>\n\n\n\n<p>Hier kommen wir ins Spiel.<\/p>\n\n\n\n<p>Wir bieten unseren Kunden umfassende Unterst\u00fctzung in allen Phasen des Bauprozesses. Als Bauherrenvertretung \u00fcbernehmen wir die gesamte Koordination und Organisation, einschlie\u00dflich der Beantragung aller erforderlichen Baugenehmigungen, der Grundbucheintragung sowie der anschlie\u00dfenden Anbindung an die Versorgungsnetze f\u00fcr Strom, Wasser und Abwasser. Sie m\u00fcssen sich nicht mit b\u00fcrokratischen H\u00fcrden auseinandersetzen \u2013 wir k\u00fcmmern uns um s\u00e4mtliche Formalit\u00e4ten und sorgen f\u00fcr einen reibungslosen Ablauf des Projekts.<\/p>\n\n\n\n<p>Auch die Auswahl zuverl\u00e4ssiger und vertrauensw\u00fcrdiger Bauunternehmen stellt h\u00e4ufig eine erhebliche Herausforderung dar. Daher bieten wir Ihnen bei Renovierungen, Rekonstruktionen, Erweiterungen sowie Neubauten eine umfassende Betreuung aus einer Hand. Dank unseres weitreichenden Netzwerks unterst\u00fctzen wir Sie bei der Auswahl von Architekten, Vermessungstechnikern, Bauleitern und anderen qualifizierten Fachkr\u00e4ften, die f\u00fcr den reibungslosen Ablauf des Bauprojekts verantwortlich sind. Dar\u00fcber hinaus stehen wir Ihnen mit fachkundiger Beratung und Unterst\u00fctzung bei der Vertragsgestaltung mit allen am Bau beteiligten Parteien zur Seite.<\/p>\n\n\n\n<p><strong>VOLLST\u00c4NDIGE BETREUUNG IN JEDER BAUPHASE<\/strong><\/p>\n\n\n\n<p>Wir \u00fcbernehmen die vollst\u00e4ndige \u00dcberwachung und Kontrolle aller Fachleute und Dienstleistungen, die in das Bauprojekt involviert sind, mit dem Ziel, die Interessen des Investors zu wahren und das Projekt in der k\u00fcrzest m\u00f6glichen Zeit umzusetzen. Zum Abschluss k\u00fcmmern wir uns um alle notwendigen Schritte, um die Nutzungsgenehmigung zu erhalten und das Geb\u00e4ude im Grundbuch und Kataster eintragen zu lassen.<\/p>\n\n\n\n<p>Unser Ziel ist es, kontinuierlich unsere Dienstleistungen zu verbessern und weiterzuentwickeln, um Ihnen den bestm\u00f6glichen Service zu bieten.<\/p>\n\n\n\n<p>E-Mail:     info@zadar-dienst.hr<br>Mobil Pero:  +385 98 136 11 88<br>Mobil Leo:   +385 91 422 08 34<\/p>\n\n\n\n<div class=\"wp-block-group\"><div class=\"wp-block-group__inner-container is-layout-constrained wp-block-group-is-layout-constrained\">\n<div class=\"wp-block-group has-background\" style=\"background-color:#f0f2f3\"><div class=\"wp-block-group__inner-container is-layout-constrained wp-block-group-is-layout-constrained\">\n<p><strong>F\u00fcr alle Anfragen stehen wir Ihnen auch \u00fcber das Webformular zur Verf\u00fcgung:<\/strong><\/p>\n\n\n\n<script type=\"text\/javascript\">var gform;gform||(document.addEventListener(\"gform_main_scripts_loaded\",function(){gform.scriptsLoaded=!0}),document.addEventListener(\"gform\/theme\/scripts_loaded\",function(){gform.themeScriptsLoaded=!0}),window.addEventListener(\"DOMContentLoaded\",function(){gform.domLoaded=!0}),gform={domLoaded:!1,scriptsLoaded:!1,themeScriptsLoaded:!1,isFormEditor:()=>\"function\"==typeof InitializeEditor,callIfLoaded:function(o){return!(!gform.domLoaded||!gform.scriptsLoaded||!gform.themeScriptsLoaded&&!gform.isFormEditor()||(gform.isFormEditor()&&console.warn(\"The use of gform.initializeOnLoaded() is deprecated in the form editor context and will be removed in Gravity Forms 3.1.\"),o(),0))},initializeOnLoaded:function(o){gform.callIfLoaded(o)||(document.addEventListener(\"gform_main_scripts_loaded\",()=>{gform.scriptsLoaded=!0,gform.callIfLoaded(o)}),document.addEventListener(\"gform\/theme\/scripts_loaded\",()=>{gform.themeScriptsLoaded=!0,gform.callIfLoaded(o)}),window.addEventListener(\"DOMContentLoaded\",()=>{gform.domLoaded=!0,gform.callIfLoaded(o)}))},hooks:{action:{},filter:{}},addAction:function(o,r,e,t){gform.addHook(\"action\",o,r,e,t)},addFilter:function(o,r,e,t){gform.addHook(\"filter\",o,r,e,t)},doAction:function(o){gform.doHook(\"action\",o,arguments)},applyFilters:function(o){return gform.doHook(\"filter\",o,arguments)},removeAction:function(o,r){gform.removeHook(\"action\",o,r)},removeFilter:function(o,r,e){gform.removeHook(\"filter\",o,r,e)},addHook:function(o,r,e,t,n){null==gform.hooks[o][r]&&(gform.hooks[o][r]=[]);var d=gform.hooks[o][r];null==n&&(n=r+\"_\"+d.length),gform.hooks[o][r].push({tag:n,callable:e,priority:t=null==t?10:t})},doHook:function(r,o,e){var t;if(e=Array.prototype.slice.call(e,1),null!=gform.hooks[r][o]&&((o=gform.hooks[r][o]).sort(function(o,r){return o.priority-r.priority}),o.forEach(function(o){\"function\"!=typeof(t=o.callable)&&(t=window[t]),\"action\"==r?t.apply(null,e):e[0]=t.apply(null,e)})),\"filter\"==r)return e[0]},removeHook:function(o,r,t,n){var e;null!=gform.hooks[o][r]&&(e=(e=gform.hooks[o][r]).filter(function(o,r,e){return!!(null!=n&&n!=o.tag||null!=t&&t!=o.priority)}),gform.hooks[o][r]=e)}});<\/script>\n                <div class='gf_browser_gecko gform_wrapper gform_legacy_markup_wrapper gform-theme--no-framework' data-form-theme='legacy' data-form-index='0' id='gform_wrapper_1' >\n                        <div class='gform_heading'>\n                            <p class='gform_description'><\/p>\n                        <\/div><form method='post' enctype='multipart\/form-data'  id='gform_1'  action='\/de\/wp-json\/wp\/v2\/pages\/2204' data-formid='1' novalidate>\n                        <div class='gform-body gform_body'><ul id='gform_fields_1' class='gform_fields top_label form_sublabel_below description_below validation_below'><li id=\"field_1_1\" class=\"gfield gfield--type-text gfield_contains_required field_sublabel_below gfield--no-description field_description_below field_validation_below gfield_visibility_visible\"  data-js-reload=\"field_1_1\" ><label class='gfield_label gform-field-label' for='input_1_1'>Predmet upita<span class=\"gfield_required\"><span class=\"gfield_required gfield_required_asterisk\">*<\/span><\/span><\/label><div class='ginput_container ginput_container_text'><input name='input_1' id='input_1_1' type='text' value=' - ' class='medium'     aria-required=\"true\" aria-invalid=\"false\"   \/><\/div><\/li><li id=\"field_1_7\" class=\"gfield gfield--type-text gfield--width-full gfield_contains_required field_sublabel_below gfield--no-description field_description_below field_validation_below gfield_visibility_visible\"  data-js-reload=\"field_1_7\" ><label class='gfield_label gform-field-label' for='input_1_7'>Va\u0161e ime<span class=\"gfield_required\"><span class=\"gfield_required gfield_required_asterisk\">*<\/span><\/span><\/label><div class='ginput_container ginput_container_text'><input name='input_7' id='input_1_7' type='text' value='' class='medium'     aria-required=\"true\" aria-invalid=\"false\"   \/><\/div><\/li><li id=\"field_1_8\" class=\"gfield gfield--type-text gfield--width-full gfield_contains_required field_sublabel_below gfield--no-description field_description_below field_validation_below gfield_visibility_visible\"  data-js-reload=\"field_1_8\" ><label class='gfield_label gform-field-label' for='input_1_8'>Telefon<span class=\"gfield_required\"><span class=\"gfield_required gfield_required_asterisk\">*<\/span><\/span><\/label><div class='ginput_container ginput_container_text'><input name='input_8' id='input_1_8' type='text' value='' class='medium'     aria-required=\"true\" aria-invalid=\"false\"   \/><\/div><\/li><li id=\"field_1_2\" class=\"gfield gfield--type-email gfield_contains_required field_sublabel_below gfield--no-description field_description_below field_validation_below gfield_visibility_visible\"  data-js-reload=\"field_1_2\" ><label class='gfield_label gform-field-label' for='input_1_2'>Va\u0161 e-mail<span class=\"gfield_required\"><span class=\"gfield_required gfield_required_asterisk\">*<\/span><\/span><\/label><div class='ginput_container ginput_container_email'>\n                            <input name='input_2' id='input_1_2' type='email' value='' class='medium'    aria-required=\"true\" aria-invalid=\"false\"  \/>\n                        <\/div><\/li><li id=\"field_1_4\" class=\"gfield gfield--type-textarea field_sublabel_below gfield--no-description field_description_below field_validation_below gfield_visibility_visible\"  data-js-reload=\"field_1_4\" ><label class='gfield_label gform-field-label' for='input_1_4'>Va\u0161a poruka<\/label><div class='ginput_container ginput_container_textarea'><textarea name='input_4' id='input_1_4' class='textarea medium'      aria-invalid=\"false\"   rows='10' cols='50'><\/textarea><\/div><\/li><li id=\"field_1_6\" class=\"gfield gfield--type-consent gfield--type-choice gfield_contains_required field_sublabel_below gfield--no-description field_description_below field_validation_below gfield_visibility_visible\"  data-js-reload=\"field_1_6\" ><label class='gfield_label gform-field-label screen-reader-text gfield_label_before_complex' ><span class=\"gfield_required\"><span class=\"gfield_required gfield_required_asterisk\">*<\/span><\/span><\/label><div class='ginput_container ginput_container_consent'><input name='input_6.1' id='input_1_6_1' type='checkbox' value='1'   aria-required=\"true\" aria-invalid=\"false\"   \/> <label class=\"gform-field-label gform-field-label--type-inline gfield_consent_label\" for='input_1_6_1' >Sla\u017eem se s <a href=\"https:\/\/zadar-dienst.hr\/uvjeti-korisenja\/\" target=\"blank\">Uvjetima kori\u0161tenja*<\/a>.<\/label><input type='hidden' name='input_6.2' value='Sla\u017eem se s &lt;a href=&quot;https:\/\/zadar-dienst.hr\/uvjeti-korisenja\/&quot; target=&quot;blank&quot;&gt;Uvjetima kori\u0161tenja*&lt;\/a&gt;.' class='gform_hidden' \/><input type='hidden' name='input_6.3' value='1' class='gform_hidden' \/><\/div><\/li><li id=\"field_1_9\" class=\"gfield gfield--type-honeypot gform_validation_container field_sublabel_below gfield--has-description field_description_below field_validation_below gfield_visibility_visible\"  data-js-reload=\"field_1_9\" ><label class='gfield_label gform-field-label' for='input_1_9'>Name<\/label><div class='ginput_container'><input name='input_9' id='input_1_9' type='text' value='' autocomplete='new-password'\/><\/div><div class='gfield_description' id='gfield_description_1_9'>This field is for validation purposes and should be left unchanged.<\/div><\/li><\/ul><\/div>\n        <div class='gform-footer gform_footer top_label'> <input type='submit' id='gform_submit_button_1' class='gform_button button' onclick='gform.submission.handleButtonClick(this);' value='Po\u0161aljite upit'  \/> \n            <input type='hidden' class='gform_hidden' name='gform_submission_method' data-js='gform_submission_method_1' value='postback' \/>\n            <input type='hidden' class='gform_hidden' name='gform_theme' data-js='gform_theme_1' id='gform_theme_1' value='legacy' \/>\n            <input type='hidden' class='gform_hidden' name='gform_style_settings' data-js='gform_style_settings_1' id='gform_style_settings_1' value='[]' \/>\n            <input type='hidden' class='gform_hidden' name='is_submit_1' value='1' \/>\n            <input type='hidden' class='gform_hidden' name='gform_submit' value='1' \/>\n            \n            <input type='hidden' class='gform_hidden' name='gform_unique_id' value='' \/>\n            <input type='hidden' class='gform_hidden' name='state_1' value='WyJ7XCI2LjFcIjpcIjVlM2VmN2FkYTAyYjg0ZDFhYTg4YTIyZTIyOTY1YWJmXCIsXCI2LjJcIjpcIjg3MWVlMmQ0ZDE4ZDU5OTE0ODNmYjk5YTBjYTE3NmEzXCIsXCI2LjNcIjpcIjVlM2VmN2FkYTAyYjg0ZDFhYTg4YTIyZTIyOTY1YWJmXCJ9IiwiNWRjNTc5NjY3MWM0NzcxZWY4MGQxYzZlZmY2YzAyOTYiXQ==' \/>\n            <input type='hidden' autocomplete='off' class='gform_hidden' name='gform_target_page_number_1' id='gform_target_page_number_1' value='0' \/>\n            <input type='hidden' autocomplete='off' class='gform_hidden' name='gform_source_page_number_1' id='gform_source_page_number_1' value='1' \/>\n            <input type='hidden' name='gform_field_values' value='' \/>\n            \n        <\/div>\n                        <\/form>\n                        <\/div><script type=\"text\/javascript\">\n\/* <![CDATA[ *\/\n gform.initializeOnLoaded( function() {gformInitSpinner( 1, 'https:\/\/zadar-dienst.hr\/de\/wp-content\/plugins\/gravityforms\/images\/spinner.svg', true );jQuery('#gform_ajax_frame_1').on('load',function(){var contents = jQuery(this).contents().find('*').html();var is_postback = contents.indexOf('GF_AJAX_POSTBACK') >= 0;if(!is_postback){return;}var form_content = jQuery(this).contents().find('#gform_wrapper_1');var is_confirmation = jQuery(this).contents().find('#gform_confirmation_wrapper_1').length > 0;var is_redirect = contents.indexOf('gformRedirect(){') >= 0;var is_form = form_content.length > 0 && ! is_redirect && ! is_confirmation;var mt = parseInt(jQuery('html').css('margin-top'), 10) + parseInt(jQuery('body').css('margin-top'), 10) + 100;if(is_form){jQuery('#gform_wrapper_1').html(form_content.html());if(form_content.hasClass('gform_validation_error')){jQuery('#gform_wrapper_1').addClass('gform_validation_error');} else {jQuery('#gform_wrapper_1').removeClass('gform_validation_error');}setTimeout( function() { \/* delay the scroll by 50 milliseconds to fix a bug in chrome *\/  }, 50 );if(window['gformInitDatepicker']) {gformInitDatepicker();}if(window['gformInitPriceFields']) {gformInitPriceFields();}var current_page = jQuery('#gform_source_page_number_1').val();gformInitSpinner( 1, 'https:\/\/zadar-dienst.hr\/de\/wp-content\/plugins\/gravityforms\/images\/spinner.svg', true );jQuery(document).trigger('gform_page_loaded', [1, current_page]);window['gf_submitting_1'] = false;}else if(!is_redirect){var confirmation_content = jQuery(this).contents().find('.GF_AJAX_POSTBACK').html();if(!confirmation_content){confirmation_content = contents;}jQuery('#gform_wrapper_1').replaceWith(confirmation_content);jQuery(document).trigger('gform_confirmation_loaded', [1]);window['gf_submitting_1'] = false;wp.a11y.speak(jQuery('#gform_confirmation_message_1').text());}else{jQuery('#gform_1').append(contents);if(window['gformRedirect']) {gformRedirect();}}jQuery(document).trigger(\"gform_pre_post_render\", [{ formId: \"1\", currentPage: \"current_page\", abort: function() { this.preventDefault(); } }]);                if (event && event.defaultPrevented) {                return;         }        const gformWrapperDiv = document.getElementById( \"gform_wrapper_1\" );        if ( gformWrapperDiv ) {            const visibilitySpan = document.createElement( \"span\" );            visibilitySpan.id = \"gform_visibility_test_1\";            gformWrapperDiv.insertAdjacentElement( \"afterend\", visibilitySpan );        }        const visibilityTestDiv = document.getElementById( \"gform_visibility_test_1\" );        let postRenderFired = false;                function triggerPostRender() {            if ( postRenderFired ) {                return;            }            postRenderFired = true;            gform.core.triggerPostRenderEvents( 1, current_page );            if ( visibilityTestDiv ) {                visibilityTestDiv.parentNode.removeChild( visibilityTestDiv );            }        }        function debounce( func, wait, immediate ) {            var timeout;            return function() {                var context = this, args = arguments;                var later = function() {                    timeout = null;                    if ( !immediate ) func.apply( context, args );                };                var callNow = immediate && !timeout;                clearTimeout( timeout );                timeout = setTimeout( later, wait );                if ( callNow ) func.apply( context, args );            };        }        const debouncedTriggerPostRender = debounce( function() {            triggerPostRender();        }, 200 );        if ( visibilityTestDiv && visibilityTestDiv.offsetParent === null ) {            const observer = new MutationObserver( ( mutations ) => {                mutations.forEach( ( mutation ) => {                    if ( mutation.type === 'attributes' && visibilityTestDiv.offsetParent !== null ) {                        debouncedTriggerPostRender();                        observer.disconnect();                    }                });            });            observer.observe( document.body, {                attributes: true,                childList: false,                subtree: true,                attributeFilter: [ 'style', 'class' ],            });        } else {            triggerPostRender();        }    } );} ); \n\/* ]]> *\/\n<\/script>\n\n<\/div><\/div>\n<\/div><\/div>\n","protected":false},"excerpt":{"rendered":"<p>Inmitten von B\u00fcrokratie und administrativen Anforderungen kann der Weg zum Ziel oft verwirrend und langwierig erscheinen. Verluste an Zeit, Geduld und Nerven geh\u00f6ren in solchen F\u00e4llen leider oft zur Tagesordnung. Wenn Sie sich selbst mit der Beschaffung aller notwendigen Dokumente f\u00fcr Bauvorhaben, Legalisierung, Grundbucheintragungen und anderen Formalit\u00e4ten auseinandersetzen, sto\u00dfen Sie m\u00f6glicherweise auf zahlreiche b\u00fcrokratische Hindernisse,&hellip;<\/p>\n","protected":false},"author":1,"featured_media":10044,"parent":1262,"menu_order":3,"comment_status":"closed","ping_status":"closed","template":"","meta":{"_acf_changed":false,"slim_seo":{"title":"Bauleistungen und Projektmanagement - Zadar Dienst - DE","description":"Inmitten von B\u00fcrokratie und administrativen Anforderungen kann der Weg zum Ziel oft verwirrend und langwierig erscheinen. Verluste an Zeit, Geduld und Nerven ge"},"footnotes":""},"class_list":["post-2204","page","type-page","status-publish","has-post-thumbnail","hentry"],"acf":[],"_links":{"self":[{"href":"https:\/\/zadar-dienst.hr\/de\/wp-json\/wp\/v2\/pages\/2204","targetHints":{"allow":["GET"]}}],"collection":[{"href":"https:\/\/zadar-dienst.hr\/de\/wp-json\/wp\/v2\/pages"}],"about":[{"href":"https:\/\/zadar-dienst.hr\/de\/wp-json\/wp\/v2\/types\/page"}],"author":[{"embeddable":true,"href":"https:\/\/zadar-dienst.hr\/de\/wp-json\/wp\/v2\/users\/1"}],"replies":[{"embeddable":true,"href":"https:\/\/zadar-dienst.hr\/de\/wp-json\/wp\/v2\/comments?post=2204"}],"version-history":[{"count":19,"href":"https:\/\/zadar-dienst.hr\/de\/wp-json\/wp\/v2\/pages\/2204\/revisions"}],"predecessor-version":[{"id":18233,"href":"https:\/\/zadar-dienst.hr\/de\/wp-json\/wp\/v2\/pages\/2204\/revisions\/18233"}],"up":[{"embeddable":true,"href":"https:\/\/zadar-dienst.hr\/de\/wp-json\/wp\/v2\/pages\/1262"}],"wp:featuredmedia":[{"embeddable":true,"href":"https:\/\/zadar-dienst.hr\/de\/wp-json\/wp\/v2\/media\/10044"}],"wp:attachment":[{"href":"https:\/\/zadar-dienst.hr\/de\/wp-json\/wp\/v2\/media?parent=2204"}],"curies":[{"name":"wp","href":"https:\/\/api.w.org\/{rel}","templated":true}]}}