{"id":1260,"date":"2018-03-20T10:02:17","date_gmt":"2018-03-20T09:02:17","guid":{"rendered":"http:\/\/localhost\/basic2\/?page_id=1260"},"modified":"2025-02-25T14:01:44","modified_gmt":"2025-02-25T13:01:44","slug":"uber-uns","status":"publish","type":"page","link":"https:\/\/zadar-dienst.hr\/de\/uber-uns\/","title":{"rendered":"\u00dcber uns"},"content":{"rendered":"\n<div class=\"wp-block-columns is-layout-flex wp-container-core-columns-is-layout-9d6595d7 wp-block-columns-is-layout-flex\">\n<div class=\"wp-block-column is-layout-flow wp-block-column-is-layout-flow\" style=\"flex-basis:66.66%\">\n<h2 class=\"wp-block-heading\">Zadar Dienst GmbH<\/h2>\n\n\n\n<p>Das Unternehmen wurde im Jahr 2013 als Gesellschaft mit beschr\u00e4nkter Haftung gegr\u00fcndet und eingetragen. Der Firmensitz befindet sich in Zadar, Ivana Luci\u0107a 18.<\/p>\n\n\n\n<p>Mit unserer langj\u00e4hrigen Berufserfahrung bieten wir unseren Kunden Sicherheit und umfassenden Service, von der Suche nach der gew\u00fcnschten Immobilie \u00fcber beratende Unterst\u00fctzung beim Verkauf bis zur Einverleibung von Eigentumsrechten.<\/p>\n\n\n\n<p>Die Agentur Zadar Dienst d.o.o. ist eine lizenzierte Immobilienagentur und aktives Mitglied der Kroatischen Handelskammer.<br>Die Agentur Zadar Dienst d.o.o. ist Unterzeichnerin des Ethikkodex im Gesch\u00e4ft von Immobilienmaklern. <\/p>\n\n\n\n<p>Unsere Makler, die die Berufspr\u00fcfung bestanden haben, sind im Verzeichnis der Immobilienmakler der Republik Kroatien eingetragen.<\/p>\n<\/div>\n\n\n\n<div class=\"wp-block-column is-layout-flow wp-block-column-is-layout-flow\" style=\"flex-basis:33.33%\">\n<figure class=\"wp-block-gallery aligncenter has-nested-images columns-default is-cropped wp-block-gallery-1 is-layout-flex wp-block-gallery-is-layout-flex\">\n<figure class=\"wp-block-image size-large\"><img loading=\"lazy\" decoding=\"async\" width=\"1024\" height=\"620\" data-id=\"17927\" src=\"https:\/\/zadar-dienst.hr\/de\/wp-content\/uploads\/sites\/2\/2025\/02\/logo_DE-1024x620.png\" alt=\"Logo De\" class=\"wp-image-17927\" srcset=\"https:\/\/zadar-dienst.hr\/de\/wp-content\/uploads\/sites\/2\/2025\/02\/logo_DE-1024x620.png 1024w, https:\/\/zadar-dienst.hr\/de\/wp-content\/uploads\/sites\/2\/2025\/02\/logo_DE-500x303.png 500w, https:\/\/zadar-dienst.hr\/de\/wp-content\/uploads\/sites\/2\/2025\/02\/logo_DE-768x465.png 768w\" sizes=\"auto, (max-width: 1024px) 100vw, 1024px\" \/><\/figure>\n<\/figure>\n<\/div>\n<\/div>\n\n\n\n<div class=\"wp-block-group\"><div class=\"wp-block-group__inner-container is-layout-constrained wp-block-group-is-layout-constrained\">\n<div class=\"wp-block-group has-background\" style=\"background-color:#f0f2f3\"><div class=\"wp-block-group__inner-container is-layout-constrained wp-block-group-is-layout-constrained\">\n<h2 class=\"wp-block-heading has-text-align-left\" style=\"font-size:25px\">      Pero Kalfi\u0107, Gesch\u00e4ftsleitung<\/h2>\n\n\n\n<div class=\"wp-block-columns is-layout-flex wp-container-core-columns-is-layout-9d6595d7 wp-block-columns-is-layout-flex\">\n<div class=\"wp-block-column is-layout-flow wp-block-column-is-layout-flow\" style=\"flex-basis:33.33%\"><div class=\"wp-block-image\">\n<figure class=\"aligncenter size-large is-resized\"><img loading=\"lazy\" decoding=\"async\" width=\"687\" height=\"1024\" src=\"https:\/\/zadar-dienst.hr\/de\/wp-content\/uploads\/sites\/2\/2024\/04\/Pero_Kalfic-687x1024.jpg\" alt=\"\" class=\"wp-image-6683\" style=\"width:196px;height:auto\" srcset=\"https:\/\/zadar-dienst.hr\/de\/wp-content\/uploads\/sites\/2\/2024\/04\/Pero_Kalfic-687x1024.jpg 687w, https:\/\/zadar-dienst.hr\/de\/wp-content\/uploads\/sites\/2\/2024\/04\/Pero_Kalfic-336x500.jpg 336w, https:\/\/zadar-dienst.hr\/de\/wp-content\/uploads\/sites\/2\/2024\/04\/Pero_Kalfic-768x1144.jpg 768w, https:\/\/zadar-dienst.hr\/de\/wp-content\/uploads\/sites\/2\/2024\/04\/Pero_Kalfic-scaled.jpg 1718w\" sizes=\"auto, (max-width: 687px) 100vw, 687px\" \/><\/figure>\n<\/div><\/div>\n\n\n\n<div class=\"wp-block-column is-layout-flow wp-block-column-is-layout-flow\" style=\"flex-basis:66.66%\">\n<p>Sie stehen vor komplexen Herausforderungen oder suchen nach L\u00f6sungen f\u00fcr au\u00dfergew\u00f6hnliche Situationen? Kein Problem \u2013 wir haben einen Experten, der genau das zu seiner Berufung gemacht hat. Mit Leidenschaft und Engagement widmet er sich dem, was oft als \u201eunm\u00f6glich\u201c erscheint.<\/p>\n\n\n\n<p>Als erfahrener Bauleiter, lizenzierter Immobilienmakler, Ingenieur sowie Spezialist f\u00fcr Arbeitssicherheit und Brandschutz bringt er umfassendes Wissen und praktische Erfahrung mit. Immer bereit, in kritischen Momenten schnelle und effektive L\u00f6sungen anzubieten.<\/p>\n\n\n\n<p><strong>Vertrauen Sie auf Kompetenz und Engagement \u2013 wir sind f\u00fcr Sie da!<\/strong><\/p>\n\n\n\n<p><strong>Fremdsprachen: <\/strong>deutsch B<\/p>\n<\/div>\n<\/div>\n<\/div><\/div>\n<\/div><\/div>\n\n\n\n<div style=\"height:50px\" aria-hidden=\"true\" class=\"wp-block-spacer\"><\/div>\n\n\n\n<div class=\"wp-block-group\"><div class=\"wp-block-group__inner-container is-layout-constrained wp-block-group-is-layout-constrained\">\n<div class=\"wp-block-group\"><div class=\"wp-block-group__inner-container is-layout-constrained wp-block-group-is-layout-constrained\">\n<div class=\"wp-block-group has-background\" style=\"background-color:#f0f2f3\"><div class=\"wp-block-group__inner-container is-layout-constrained wp-block-group-is-layout-constrained\">\n<h2 class=\"wp-block-heading\" style=\"font-size:25px\">Leo Kalfi\u0107, Betriebsleitung, Immobilien<\/h2>\n\n\n\n<div class=\"wp-block-columns is-layout-flex wp-container-core-columns-is-layout-9d6595d7 wp-block-columns-is-layout-flex\">\n<div class=\"wp-block-column is-layout-flow wp-block-column-is-layout-flow\" style=\"flex-basis:66.66%\">\n<p><strong>Sie legen Wert auf eine strukturierte, transparente und \u00fcbersichtliche Vorgehensweise. Zudem sind Sie jemand, der jederzeit den \u00dcberblick behalten m\u00f6chte. Es ist Ihnen wichtig, einen Gespr\u00e4chspartner zu haben, der Sie versteht \u2013 bei ihm sind Sie genau richtig.<\/strong><\/p>\n\n\n\n<p>Als Diplom-Ingenieur der Elektrotechnik hat er nach elf Jahren Erfahrung als Projektleiter in der Entwicklung von Produktionsanlagen in der Automobilindustrie den Schritt in eine neue Rolle gewagt. Heute leitet er das B\u00fcro und ist seit 4 Jahren lizenzierter Immobilienmakler.<\/p>\n\n\n\n<p><em>\u201eMein Bestreben ist es, die umfassende Erfahrung, das fundierte Wissen sowie die systematische und qualitativ hochwertige Kundenbetreuung aus der Automobilbranche erfolgreich auf den Immobilienmarkt zu \u00fcbertragen. Ob Sie in Immobilien investieren, ein Bauprojekt realisieren, eine passende Wohnl\u00f6sung suchen oder mehrere Anliegen in einem Projekt b\u00fcndeln m\u00f6chten \u2013 seien Sie mutig! Es lohnt sich, wenn Sie die richtigen Fachleute an Ihrer Seite haben.\u201c<\/em><\/p>\n\n\n\n<p><strong>Fremdsprachen<\/strong>: deutsch und englisch<\/p>\n<\/div>\n\n\n\n<div class=\"wp-block-column is-layout-flow wp-block-column-is-layout-flow\" style=\"flex-basis:33.33%\"><div class=\"wp-block-image\">\n<figure class=\"aligncenter size-large is-resized\"><img loading=\"lazy\" decoding=\"async\" width=\"732\" height=\"1024\" src=\"https:\/\/zadar-dienst.hr\/de\/wp-content\/uploads\/sites\/2\/2024\/04\/Leo_Kalfic-732x1024.jpg\" alt=\"\" class=\"wp-image-6684\" style=\"width:196px\" srcset=\"https:\/\/zadar-dienst.hr\/de\/wp-content\/uploads\/sites\/2\/2024\/04\/Leo_Kalfic-732x1024.jpg 732w, https:\/\/zadar-dienst.hr\/de\/wp-content\/uploads\/sites\/2\/2024\/04\/Leo_Kalfic-358x500.jpg 358w, https:\/\/zadar-dienst.hr\/de\/wp-content\/uploads\/sites\/2\/2024\/04\/Leo_Kalfic-768x1074.jpg 768w, https:\/\/zadar-dienst.hr\/de\/wp-content\/uploads\/sites\/2\/2024\/04\/Leo_Kalfic-scaled.jpg 1830w\" sizes=\"auto, (max-width: 732px) 100vw, 732px\" \/><\/figure>\n<\/div><\/div>\n<\/div>\n<\/div><\/div>\n<\/div><\/div>\n<\/div><\/div>\n\n\n\n<div style=\"height:50px\" aria-hidden=\"true\" class=\"wp-block-spacer\"><\/div>\n\n\n\n<div class=\"wp-block-group has-background\" style=\"background-color:#f0f2f3\"><div class=\"wp-block-group__inner-container is-layout-constrained wp-block-group-is-layout-constrained\">\n<h2 class=\"wp-block-heading\">      \u0160imica Kalfi\u0107, Beratung, Immobilien<\/h2>\n\n\n\n<div class=\"wp-block-columns is-layout-flex wp-container-core-columns-is-layout-9d6595d7 wp-block-columns-is-layout-flex\">\n<div class=\"wp-block-column is-layout-flow wp-block-column-is-layout-flow\" style=\"flex-basis:33.33%\"><div class=\"wp-block-image\">\n<figure class=\"aligncenter size-large is-resized\"><img loading=\"lazy\" decoding=\"async\" width=\"745\" height=\"1024\" src=\"https:\/\/zadar-dienst.hr\/de\/wp-content\/uploads\/sites\/2\/2024\/04\/Simica_Kalfic-745x1024.jpg\" alt=\"\" class=\"wp-image-6685\" style=\"width:196px\" srcset=\"https:\/\/zadar-dienst.hr\/de\/wp-content\/uploads\/sites\/2\/2024\/04\/Simica_Kalfic-745x1024.jpg 745w, https:\/\/zadar-dienst.hr\/de\/wp-content\/uploads\/sites\/2\/2024\/04\/Simica_Kalfic-364x500.jpg 364w, https:\/\/zadar-dienst.hr\/de\/wp-content\/uploads\/sites\/2\/2024\/04\/Simica_Kalfic-768x1056.jpg 768w, https:\/\/zadar-dienst.hr\/de\/wp-content\/uploads\/sites\/2\/2024\/04\/Simica_Kalfic-scaled.jpg 1863w\" sizes=\"auto, (max-width: 745px) 100vw, 745px\" \/><\/figure>\n<\/div><\/div>\n\n\n\n<div class=\"wp-block-column is-layout-flow wp-block-column-is-layout-flow\" style=\"flex-basis:66.66%\">\n<p><strong>Mit \u00fcber 20 Jahren Erfahrung in der Immobilienbranche, ausgepr\u00e4gtem Durchhalteverm\u00f6gen und unerm\u00fcdlichem Engagement ist sie ein unverzichtbarer Bestandteil unseres Teams.<\/strong><\/p>\n\n\n\n<p>Sind Sie auf der Suche nach einer besonderen Immobilie, die aus dem Rahmen f\u00e4llt, oder finden einfach nicht das Passende? Kein Grund zur Sorge \u2013 Sie verf\u00fcgt \u00fcber das notwendige Know-how und die richtigen Kontakte, um Ihre W\u00fcnsche Wirklichkeit werden zu lassen.<\/p>\n\n\n\n<p><em>\u201eIch glaube fest daran, dass es f\u00fcr jeden Menschen die perfekte Immobilie gibt \u2013 man muss nur wissen, wo man suchen muss. Und genau das ist meine St\u00e4rke.\u201c<\/em><\/p>\n\n\n\n<pre id=\"tw-target-text\" class=\"wp-block-preformatted\" style=\"font-style:normal;font-weight:400\"><strong>Fremdsprachen<\/strong>: deutsch B<\/pre>\n<\/div>\n<\/div>\n<\/div><\/div>\n\n\n\n<div style=\"height:50px\" aria-hidden=\"true\" class=\"wp-block-spacer\"><\/div>\n\n\n\n<div class=\"wp-block-group\"><div class=\"wp-block-group__inner-container is-layout-constrained wp-block-group-is-layout-constrained\">\n<div class=\"wp-block-group has-background\" style=\"background-color:#f0f2f3\"><div class=\"wp-block-group__inner-container is-layout-constrained wp-block-group-is-layout-constrained\">\n<h2 class=\"wp-block-heading\">      Ivan Hromi\u0107, Beratung, Sicherheit am Arbeitsplatz<\/h2>\n\n\n\n<div class=\"wp-block-columns is-layout-flex wp-container-core-columns-is-layout-9d6595d7 wp-block-columns-is-layout-flex\">\n<div class=\"wp-block-column is-layout-flow wp-block-column-is-layout-flow\" style=\"flex-basis:33.33%\"><div class=\"wp-block-image\">\n<figure class=\"aligncenter size-large is-resized\"><img loading=\"lazy\" decoding=\"async\" width=\"687\" height=\"1024\" src=\"https:\/\/zadar-dienst.hr\/de\/wp-content\/uploads\/sites\/2\/2024\/04\/Ivan_Hromic-687x1024.jpg\" alt=\"\" class=\"wp-image-6686\" style=\"width:196px\" srcset=\"https:\/\/zadar-dienst.hr\/de\/wp-content\/uploads\/sites\/2\/2024\/04\/Ivan_Hromic-687x1024.jpg 687w, https:\/\/zadar-dienst.hr\/de\/wp-content\/uploads\/sites\/2\/2024\/04\/Ivan_Hromic-335x500.jpg 335w, https:\/\/zadar-dienst.hr\/de\/wp-content\/uploads\/sites\/2\/2024\/04\/Ivan_Hromic-768x1145.jpg 768w, https:\/\/zadar-dienst.hr\/de\/wp-content\/uploads\/sites\/2\/2024\/04\/Ivan_Hromic-scaled.jpg 1718w\" sizes=\"auto, (max-width: 687px) 100vw, 687px\" \/><\/figure>\n<\/div><\/div>\n\n\n\n<div class=\"wp-block-column is-layout-flow wp-block-column-is-layout-flow\" style=\"flex-basis:66.66%\">\n<p>Ein ausgewiesener Experte im Bereich Brandschutz und Arbeitssicherheit mit langj\u00e4hriger Erfahrung steht Ihnen zur Seite, um die Grundlagen und ma\u00dfgeschneiderte L\u00f6sungen f\u00fcr Ihre gesch\u00e4ftlichen Vorhaben zu schaffen. Mit tiefgehendem Wissen \u00fcber gesetzliche Vorschriften und modernste Sicherheitsstandards bietet er praxisorientierte Beratung und Implementierung effektiver Ma\u00dfnahmen.<\/p>\n\n\n\n<p><strong>Sch\u00fctzen Sie sich, Ihre Mitarbeiter und Ihr Eigentum mit professionellem Know-how!<\/strong><br>Von der Risikoanalyse \u00fcber die Planung bis hin zur Schulung Ihrer Mitarbeiter \u2013 profitieren Sie von einer ganzheitlichen Herangehensweise, die Sicherheit und Effizienz in den Fokus r\u00fcckt.<\/p>\n\n\n\n<p><strong>Fremdsprachen: <\/strong>englisch B<\/p>\n<\/div>\n<\/div>\n<\/div><\/div>\n<\/div><\/div>\n\n\n\n<p><\/p>\n","protected":false},"excerpt":{"rendered":"<p>Zadar Dienst GmbH Das Unternehmen wurde im Jahr 2013 als Gesellschaft mit beschr\u00e4nkter Haftung gegr\u00fcndet und eingetragen. Der Firmensitz befindet sich in Zadar, Ivana Luci\u0107a 18. Mit unserer langj\u00e4hrigen Berufserfahrung bieten wir unseren Kunden Sicherheit und umfassenden Service, von der Suche nach der gew\u00fcnschten Immobilie \u00fcber beratende Unterst\u00fctzung beim Verkauf bis zur Einverleibung von Eigentumsrechten.&hellip;<\/p>\n","protected":false},"author":1,"featured_media":0,"parent":0,"menu_order":0,"comment_status":"closed","ping_status":"closed","template":"","meta":{"_acf_changed":false,"slim_seo":{"title":"\u00dcber uns - Zadar Dienst - DE","description":"Zadar Dienst GmbH Das Unternehmen wurde im Jahr 2013 als Gesellschaft mit beschr\u00e4nkter Haftung gegr\u00fcndet und eingetragen. Der Firmensitz befindet sich in Zadar,"},"footnotes":""},"class_list":["post-1260","page","type-page","status-publish","hentry"],"acf":[],"_links":{"self":[{"href":"https:\/\/zadar-dienst.hr\/de\/wp-json\/wp\/v2\/pages\/1260","targetHints":{"allow":["GET"]}}],"collection":[{"href":"https:\/\/zadar-dienst.hr\/de\/wp-json\/wp\/v2\/pages"}],"about":[{"href":"https:\/\/zadar-dienst.hr\/de\/wp-json\/wp\/v2\/types\/page"}],"author":[{"embeddable":true,"href":"https:\/\/zadar-dienst.hr\/de\/wp-json\/wp\/v2\/users\/1"}],"replies":[{"embeddable":true,"href":"https:\/\/zadar-dienst.hr\/de\/wp-json\/wp\/v2\/comments?post=1260"}],"version-history":[{"count":25,"href":"https:\/\/zadar-dienst.hr\/de\/wp-json\/wp\/v2\/pages\/1260\/revisions"}],"predecessor-version":[{"id":17943,"href":"https:\/\/zadar-dienst.hr\/de\/wp-json\/wp\/v2\/pages\/1260\/revisions\/17943"}],"wp:attachment":[{"href":"https:\/\/zadar-dienst.hr\/de\/wp-json\/wp\/v2\/media?parent=1260"}],"curies":[{"name":"wp","href":"https:\/\/api.w.org\/{rel}","templated":true}]}}